{"id":12,"date":"2019-05-01T06:50:23","date_gmt":"2019-05-01T06:50:23","guid":{"rendered":"https:\/\/niceoffice.fr\/?page_id=12"},"modified":"2025-06-18T16:59:47","modified_gmt":"2025-06-18T15:59:47","slug":"accueil","status":"publish","type":"page","link":"https:\/\/niceoffice.fr\/","title":{"rendered":"NICE OFFICE"},"content":{"rendered":"\n<h2 class=\"wp-block-heading has-text-align-center\" style=\"font-size:50px\">NICE OFFICE<\/h2>\n\n\n\n<p class=\"has-text-align-center\" style=\"border-radius:9px;font-size:25px\">Gestion de projets dans le secteur des technologies de l\u2019information et assistance administrative<\/p>\n\n\n\n<div class=\"wp-block-columns is-layout-flex wp-container-core-columns-is-layout-28f84493 wp-block-columns-is-layout-flex\">\n<div class=\"wp-block-column is-layout-flow wp-block-column-is-layout-flow\">\n<figure class=\"wp-block-image alignfull size-large\"><img loading=\"lazy\" decoding=\"async\" width=\"1024\" height=\"585\" src=\"https:\/\/niceoffice.fr\/wp-content\/uploads\/2025\/03\/projets-informatiques-1024x585.png\" alt=\"\" class=\"wp-image-6739\" srcset=\"https:\/\/niceoffice.fr\/wp-content\/uploads\/2025\/03\/projets-informatiques-1024x585.png 1024w, https:\/\/niceoffice.fr\/wp-content\/uploads\/2025\/03\/projets-informatiques-300x171.png 300w, https:\/\/niceoffice.fr\/wp-content\/uploads\/2025\/03\/projets-informatiques-768x439.png 768w, https:\/\/niceoffice.fr\/wp-content\/uploads\/2025\/03\/projets-informatiques-50x29.png 50w, https:\/\/niceoffice.fr\/wp-content\/uploads\/2025\/03\/projets-informatiques-100x57.png 100w, https:\/\/niceoffice.fr\/wp-content\/uploads\/2025\/03\/projets-informatiques.png 1280w\" sizes=\"auto, (max-width: 1024px) 100vw, 1024px\" \/><\/figure>\n\n\n\n<p><strong>Qui sommes-nous ? <\/strong><\/p>\n\n\n\n<p>Nice Office est un cabinet de consultation sp\u00e9cialis\u00e9 dans la gestion de projets du secteur des technologies de l\u2019information et l\u2019assistance administrative. Situ\u00e9 \u00e0 Nice, notre cabinet accompagne les professionnels du num\u00e9rique dans l\u2019optimisation de leurs processus et la r\u00e9ussite de leurs projets.<\/p>\n\n\n\n<p><strong>Notre mission <\/strong><\/p>\n\n\n\n<p>Nous offrons un soutien strat\u00e9gique et op\u00e9rationnel \u00e0 vos projets IT, en prenant notamment en charge leur gestion organisationnelle et administrative. Notre objectif est de permettre \u00e0 nos clients de se concentrer pleinement sur leur c\u0153ur de m\u00e9tier tout en garantissant une gestion efficace et structur\u00e9e de leurs projets.<\/p>\n<\/div>\n\n\n\n<div class=\"wp-block-column is-layout-flow wp-block-column-is-layout-flow\">\n<p><strong>Nos services <\/strong><\/p>\n\n\n\n<p>\u2714 Gestion de projets IT : planification, coordination et suivi des projets pour assurer leur bon d\u00e9roulement. <\/p>\n\n\n\n<p>\u2714 Assistance administrative : gestion documentaire, suivi des contrats, organisation des r\u00e9unions et reporting. <\/p>\n\n\n\n<p>\u2714 Optimisation des processus : mise en place de solutions adapt\u00e9es pour am\u00e9liorer la productivit\u00e9 et la gestion interne. <\/p>\n\n\n\n<p>\u2714 Support aux \u00e9quipes : accompagnement dans les t\u00e2ches quotidiennes et appui logistique pour un fonctionnement fluide.<\/p>\n\n\n\n<div class=\"wp-block-buttons is-layout-flex wp-block-buttons-is-layout-flex\">\n<div class=\"wp-block-button is-style-outline is-style-outline--1\"><a class=\"wp-block-button__link has-light-green-cyan-background-color has-background wp-element-button\" href=\"https:\/\/niceoffice.fr\/?page_id=41\">Contactez Nice Office<\/a><\/div>\n<\/div>\n<\/div>\n<\/div>\n\n\n\n<div class=\"wp-block-columns alignwide is-layout-flex wp-container-core-columns-is-layout-28f84493 wp-block-columns-is-layout-flex\">\n<div class=\"wp-block-column is-layout-flow wp-block-column-is-layout-flow\">\n<p><strong>Pourquoi choisir Nice Office ? <\/strong><\/p>\n\n\n\n<p>Avec une expertise approfondie du secteur des technologies de l\u2019information, nous comprenons les d\u00e9fis auxquels sont confront\u00e9es les entreprises IT. Nous apportons des solutions adapt\u00e9es, flexibles et personnalis\u00e9es pour r\u00e9pondre aux besoins sp\u00e9cifiques de chaque client.<\/p>\n\n\n\n<p>Que vous soyez une start-up, une PME ou une grande entreprise, Nice Office est votre partenaire de confiance pour une gestion efficace et optimis\u00e9e de vos projets et de votre administration.<\/p>\n<\/div>\n<\/div>\n","protected":false},"excerpt":{"rendered":"<p>NICE OFFICE Gestion de projets dans le secteur des technologies de l\u2019information et assistance administrative Qui sommes-nous ? Nice Office est un cabinet de consultation sp\u00e9cialis\u00e9 dans la gestion de projets du secteur des technologies de l\u2019information et l\u2019assistance administrative. Situ\u00e9 \u00e0 Nice, notre cabinet accompagne les professionnels du num\u00e9rique dans l\u2019optimisation de leurs processus [&hellip;]<\/p>\n","protected":false},"author":2,"featured_media":0,"parent":0,"menu_order":0,"comment_status":"closed","ping_status":"closed","template":"","meta":{"site-sidebar-layout":"default","site-content-layout":"","ast-site-content-layout":"default","site-content-style":"default","site-sidebar-style":"default","ast-global-header-display":"","ast-banner-title-visibility":"","ast-main-header-display":"","ast-hfb-above-header-display":"","ast-hfb-below-header-display":"","ast-hfb-mobile-header-display":"","site-post-title":"","ast-breadcrumbs-content":"","ast-featured-img":"","footer-sml-layout":"","theme-transparent-header-meta":"","adv-header-id-meta":"","stick-header-meta":"","header-above-stick-meta":"","header-main-stick-meta":"","header-below-stick-meta":"","astra-migrate-meta-layouts":"set","ast-page-background-enabled":"default","ast-page-background-meta":{"desktop":{"background-color":"var(--ast-global-color-4)","background-image":"","background-repeat":"repeat","background-position":"center center","background-size":"auto","background-attachment":"scroll","background-type":"","background-media":"","overlay-type":"","overlay-color":"","overlay-opacity":"","overlay-gradient":""},"tablet":{"background-color":"","background-image":"","background-repeat":"repeat","background-position":"center center","background-size":"auto","background-attachment":"scroll","background-type":"","background-media":"","overlay-type":"","overlay-color":"","overlay-opacity":"","overlay-gradient":""},"mobile":{"background-color":"","background-image":"","background-repeat":"repeat","background-position":"center center","background-size":"auto","background-attachment":"scroll","background-type":"","background-media":"","overlay-type":"","overlay-color":"","overlay-opacity":"","overlay-gradient":""}},"ast-content-background-meta":{"desktop":{"background-color":"var(--ast-global-color-5)","background-image":"","background-repeat":"repeat","background-position":"center center","background-size":"auto","background-attachment":"scroll","background-type":"","background-media":"","overlay-type":"","overlay-color":"","overlay-opacity":"","overlay-gradient":""},"tablet":{"background-color":"var(--ast-global-color-5)","background-image":"","background-repeat":"repeat","background-position":"center center","background-size":"auto","background-attachment":"scroll","background-type":"","background-media":"","overlay-type":"","overlay-color":"","overlay-opacity":"","overlay-gradient":""},"mobile":{"background-color":"var(--ast-global-color-5)","background-image":"","background-repeat":"repeat","background-position":"center center","background-size":"auto","background-attachment":"scroll","background-type":"","background-media":"","overlay-type":"","overlay-color":"","overlay-opacity":"","overlay-gradient":""}},"footnotes":""},"class_list":["post-12","page","type-page","status-publish","hentry"],"yoast_head":"<!-- This site is optimized with the Yoast SEO plugin v27.3 - https:\/\/yoast.com\/product\/yoast-seo-wordpress\/ -->\n<title>NICE OFFICE - Gestion de projets TI<\/title>\n<meta name=\"description\" content=\"Nice Office est sp\u00e9cialis\u00e9e dans la gestion de projets et l\u2019assistance administrative d\u00e9di\u00e9e au secteur des technologies de l\u2019information.\" \/>\n<meta name=\"robots\" content=\"index, follow, max-snippet:-1, max-image-preview:large, max-video-preview:-1\" \/>\n<link rel=\"canonical\" href=\"https:\/\/niceoffice.fr\/\" \/>\n<meta property=\"og:locale\" content=\"fr_FR\" \/>\n<meta property=\"og:type\" content=\"article\" \/>\n<meta property=\"og:title\" content=\"NICE OFFICE - Gestion de projets TI\" \/>\n<meta property=\"og:description\" content=\"Nice Office est sp\u00e9cialis\u00e9e dans la gestion de projets et l\u2019assistance administrative d\u00e9di\u00e9e au secteur des technologies de l\u2019information.\" \/>\n<meta property=\"og:url\" content=\"https:\/\/niceoffice.fr\/\" \/>\n<meta property=\"og:site_name\" content=\"Gestion de projets TI\" \/>\n<meta property=\"article:modified_time\" content=\"2025-06-18T15:59:47+00:00\" \/>\n<meta property=\"og:image\" content=\"https:\/\/niceoffice.fr\/wp-content\/uploads\/2025\/03\/projets-informatiques.png\" \/>\n\t<meta property=\"og:image:width\" content=\"1280\" \/>\n\t<meta property=\"og:image:height\" content=\"731\" \/>\n\t<meta property=\"og:image:type\" content=\"image\/png\" \/>\n<meta name=\"twitter:card\" content=\"summary_large_image\" \/>\n<meta name=\"twitter:label1\" content=\"Dur\u00e9e de lecture estim\u00e9e\" \/>\n\t<meta name=\"twitter:data1\" content=\"2 minutes\" \/>\n<script type=\"application\/ld+json\" class=\"yoast-schema-graph\">{\"@context\":\"https:\\\/\\\/schema.org\",\"@graph\":[{\"@type\":\"WebPage\",\"@id\":\"https:\\\/\\\/niceoffice.fr\\\/\",\"url\":\"https:\\\/\\\/niceoffice.fr\\\/\",\"name\":\"NICE OFFICE - Gestion de projets TI\",\"isPartOf\":{\"@id\":\"https:\\\/\\\/niceoffice.fr\\\/#website\"},\"primaryImageOfPage\":{\"@id\":\"https:\\\/\\\/niceoffice.fr\\\/#primaryimage\"},\"image\":{\"@id\":\"https:\\\/\\\/niceoffice.fr\\\/#primaryimage\"},\"thumbnailUrl\":\"https:\\\/\\\/niceoffice.fr\\\/wp-content\\\/uploads\\\/2025\\\/03\\\/projets-informatiques-1024x585.png\",\"datePublished\":\"2019-05-01T06:50:23+00:00\",\"dateModified\":\"2025-06-18T15:59:47+00:00\",\"description\":\"Nice Office est sp\u00e9cialis\u00e9e dans la gestion de projets et l\u2019assistance administrative d\u00e9di\u00e9e au secteur des technologies de l\u2019information.\",\"breadcrumb\":{\"@id\":\"https:\\\/\\\/niceoffice.fr\\\/#breadcrumb\"},\"inLanguage\":\"fr-FR\",\"potentialAction\":[{\"@type\":\"ReadAction\",\"target\":[\"https:\\\/\\\/niceoffice.fr\\\/\"]}]},{\"@type\":\"ImageObject\",\"inLanguage\":\"fr-FR\",\"@id\":\"https:\\\/\\\/niceoffice.fr\\\/#primaryimage\",\"url\":\"https:\\\/\\\/niceoffice.fr\\\/wp-content\\\/uploads\\\/2025\\\/03\\\/projets-informatiques.png\",\"contentUrl\":\"https:\\\/\\\/niceoffice.fr\\\/wp-content\\\/uploads\\\/2025\\\/03\\\/projets-informatiques.png\",\"width\":1280,\"height\":731},{\"@type\":\"BreadcrumbList\",\"@id\":\"https:\\\/\\\/niceoffice.fr\\\/#breadcrumb\",\"itemListElement\":[{\"@type\":\"ListItem\",\"position\":1,\"name\":\"Home\",\"item\":\"https:\\\/\\\/niceoffice.fr\\\/?page_id=14&lang=en\"},{\"@type\":\"ListItem\",\"position\":2,\"name\":\"NICE OFFICE\"}]},{\"@type\":\"WebSite\",\"@id\":\"https:\\\/\\\/niceoffice.fr\\\/#website\",\"url\":\"https:\\\/\\\/niceoffice.fr\\\/\",\"name\":\"Gestion de projets TI\",\"description\":\"Solutions informatiques et administratives\",\"publisher\":{\"@id\":\"https:\\\/\\\/niceoffice.fr\\\/#organization\"},\"potentialAction\":[{\"@type\":\"SearchAction\",\"target\":{\"@type\":\"EntryPoint\",\"urlTemplate\":\"https:\\\/\\\/niceoffice.fr\\\/?s={search_term_string}\"},\"query-input\":{\"@type\":\"PropertyValueSpecification\",\"valueRequired\":true,\"valueName\":\"search_term_string\"}}],\"inLanguage\":\"fr-FR\"},{\"@type\":\"Organization\",\"@id\":\"https:\\\/\\\/niceoffice.fr\\\/#organization\",\"name\":\"Nice Office\",\"url\":\"https:\\\/\\\/niceoffice.fr\\\/\",\"logo\":{\"@type\":\"ImageObject\",\"inLanguage\":\"fr-FR\",\"@id\":\"https:\\\/\\\/niceoffice.fr\\\/#\\\/schema\\\/logo\\\/image\\\/\",\"url\":\"https:\\\/\\\/niceoffice.fr\\\/wp-content\\\/uploads\\\/2019\\\/06\\\/Nice_Office_Logo.jpg\",\"contentUrl\":\"https:\\\/\\\/niceoffice.fr\\\/wp-content\\\/uploads\\\/2019\\\/06\\\/Nice_Office_Logo.jpg\",\"width\":227,\"height\":227,\"caption\":\"Nice Office\"},\"image\":{\"@id\":\"https:\\\/\\\/niceoffice.fr\\\/#\\\/schema\\\/logo\\\/image\\\/\"}}]}<\/script>\n<!-- \/ Yoast SEO plugin. -->","yoast_head_json":{"title":"NICE OFFICE - Gestion de projets TI","description":"Nice Office est sp\u00e9cialis\u00e9e dans la gestion de projets et l\u2019assistance administrative d\u00e9di\u00e9e au secteur des technologies de l\u2019information.","robots":{"index":"index","follow":"follow","max-snippet":"max-snippet:-1","max-image-preview":"max-image-preview:large","max-video-preview":"max-video-preview:-1"},"canonical":"https:\/\/niceoffice.fr\/","og_locale":"fr_FR","og_type":"article","og_title":"NICE OFFICE - Gestion de projets TI","og_description":"Nice Office est sp\u00e9cialis\u00e9e dans la gestion de projets et l\u2019assistance administrative d\u00e9di\u00e9e au secteur des technologies de l\u2019information.","og_url":"https:\/\/niceoffice.fr\/","og_site_name":"Gestion de projets TI","article_modified_time":"2025-06-18T15:59:47+00:00","og_image":[{"width":1280,"height":731,"url":"https:\/\/niceoffice.fr\/wp-content\/uploads\/2025\/03\/projets-informatiques.png","type":"image\/png"}],"twitter_card":"summary_large_image","twitter_misc":{"Dur\u00e9e de lecture estim\u00e9e":"2 minutes"},"schema":{"@context":"https:\/\/schema.org","@graph":[{"@type":"WebPage","@id":"https:\/\/niceoffice.fr\/","url":"https:\/\/niceoffice.fr\/","name":"NICE OFFICE - Gestion de projets TI","isPartOf":{"@id":"https:\/\/niceoffice.fr\/#website"},"primaryImageOfPage":{"@id":"https:\/\/niceoffice.fr\/#primaryimage"},"image":{"@id":"https:\/\/niceoffice.fr\/#primaryimage"},"thumbnailUrl":"https:\/\/niceoffice.fr\/wp-content\/uploads\/2025\/03\/projets-informatiques-1024x585.png","datePublished":"2019-05-01T06:50:23+00:00","dateModified":"2025-06-18T15:59:47+00:00","description":"Nice Office est sp\u00e9cialis\u00e9e dans la gestion de projets et l\u2019assistance administrative d\u00e9di\u00e9e au secteur des technologies de l\u2019information.","breadcrumb":{"@id":"https:\/\/niceoffice.fr\/#breadcrumb"},"inLanguage":"fr-FR","potentialAction":[{"@type":"ReadAction","target":["https:\/\/niceoffice.fr\/"]}]},{"@type":"ImageObject","inLanguage":"fr-FR","@id":"https:\/\/niceoffice.fr\/#primaryimage","url":"https:\/\/niceoffice.fr\/wp-content\/uploads\/2025\/03\/projets-informatiques.png","contentUrl":"https:\/\/niceoffice.fr\/wp-content\/uploads\/2025\/03\/projets-informatiques.png","width":1280,"height":731},{"@type":"BreadcrumbList","@id":"https:\/\/niceoffice.fr\/#breadcrumb","itemListElement":[{"@type":"ListItem","position":1,"name":"Home","item":"https:\/\/niceoffice.fr\/?page_id=14&lang=en"},{"@type":"ListItem","position":2,"name":"NICE OFFICE"}]},{"@type":"WebSite","@id":"https:\/\/niceoffice.fr\/#website","url":"https:\/\/niceoffice.fr\/","name":"Gestion de projets TI","description":"Solutions informatiques et administratives","publisher":{"@id":"https:\/\/niceoffice.fr\/#organization"},"potentialAction":[{"@type":"SearchAction","target":{"@type":"EntryPoint","urlTemplate":"https:\/\/niceoffice.fr\/?s={search_term_string}"},"query-input":{"@type":"PropertyValueSpecification","valueRequired":true,"valueName":"search_term_string"}}],"inLanguage":"fr-FR"},{"@type":"Organization","@id":"https:\/\/niceoffice.fr\/#organization","name":"Nice Office","url":"https:\/\/niceoffice.fr\/","logo":{"@type":"ImageObject","inLanguage":"fr-FR","@id":"https:\/\/niceoffice.fr\/#\/schema\/logo\/image\/","url":"https:\/\/niceoffice.fr\/wp-content\/uploads\/2019\/06\/Nice_Office_Logo.jpg","contentUrl":"https:\/\/niceoffice.fr\/wp-content\/uploads\/2019\/06\/Nice_Office_Logo.jpg","width":227,"height":227,"caption":"Nice Office"},"image":{"@id":"https:\/\/niceoffice.fr\/#\/schema\/logo\/image\/"}}]}},"_links":{"self":[{"href":"https:\/\/niceoffice.fr\/index.php?rest_route=\/wp\/v2\/pages\/12","targetHints":{"allow":["GET"]}}],"collection":[{"href":"https:\/\/niceoffice.fr\/index.php?rest_route=\/wp\/v2\/pages"}],"about":[{"href":"https:\/\/niceoffice.fr\/index.php?rest_route=\/wp\/v2\/types\/page"}],"author":[{"embeddable":true,"href":"https:\/\/niceoffice.fr\/index.php?rest_route=\/wp\/v2\/users\/2"}],"replies":[{"embeddable":true,"href":"https:\/\/niceoffice.fr\/index.php?rest_route=%2Fwp%2Fv2%2Fcomments&post=12"}],"version-history":[{"count":29,"href":"https:\/\/niceoffice.fr\/index.php?rest_route=\/wp\/v2\/pages\/12\/revisions"}],"predecessor-version":[{"id":6848,"href":"https:\/\/niceoffice.fr\/index.php?rest_route=\/wp\/v2\/pages\/12\/revisions\/6848"}],"wp:attachment":[{"href":"https:\/\/niceoffice.fr\/index.php?rest_route=%2Fwp%2Fv2%2Fmedia&parent=12"}],"curies":[{"name":"wp","href":"https:\/\/api.w.org\/{rel}","templated":true}]}}