{"id":1933,"date":"2021-11-12T17:58:19","date_gmt":"2021-11-12T16:58:19","guid":{"rendered":"https:\/\/niceoffice.fr\/?page_id=1933"},"modified":"2021-11-20T08:15:29","modified_gmt":"2021-11-20T07:15:29","slug":"politique-de-confidentialite","status":"publish","type":"page","link":"https:\/\/niceoffice.fr\/?page_id=1933","title":{"rendered":"Politique de confidentialit\u00e9"},"content":{"rendered":"\n<h2 class=\"wp-block-heading\">Qui sommes-nous&nbsp;?<\/h2>\n\n\n\n<p>L\u2019adresse de notre site est\u00a0: https:\/\/niceoffice.fr.<\/p>\n\n\n\n<h2 class=\"wp-block-heading\">Cookies<\/h2>\n\n\n\n<p>Notre site Web https:\/\/niceoffice.fr (ci-apr\u00e8s: \u201cle site Web\u201d) utilise des cookies. Un cookie est un fichier l\u00e9ger, simple envoy\u00e9 avec les pages de ce site Web et stock\u00e9 par votre navigateur sur le disque dur de votre ordinateur ou d\u2019un autre appareil. Les informations qui y sont stock\u00e9es peuvent \u00eatre renvoy\u00e9es \u00e0 nos serveurs ou aux serveurs des tiers concern\u00e9s lors d\u2019une visite ult\u00e9rieure. Les cookies permettent de conserver des informations telles que la langue ou les param\u00e8tres de site. Ils sont conserv\u00e9s pour une dur\u00e9e maximale de 13 mois.<\/p>\n\n\n\n<p><strong><u>Cookies techniques ou fonctionnels<\/u><\/strong><\/p>\n\n\n\n<p>Certains cookies garantissent le bon fonctionnement de certaines parties du site et la confidentialit\u00e9 de vos pr\u00e9f\u00e9rences utilisateur. En pla\u00e7ant des cookies fonctionnels, nous facilitons votre visite sur notre site Web. Si vous vous rendez sur la page de connexion \u00e0 votre espace personnel, un cookie temporaire sera cr\u00e9\u00e9 afin de d\u00e9terminer si votre navigateur accepte les cookies. Il ne contient pas de donn\u00e9es personnelles et sera supprim\u00e9 automatiquement \u00e0 la fermeture de votre navigateur. Lorsque vous vous connecterez, nous mettrons en place un cookie qui vous permet de rester connect\u00e9. Si vous vous d\u00e9connectez de votre compte, le cookie de connexion sera effac\u00e9. Ces cookies ne n\u00e9cessitent pas votre consentement.<\/p>\n\n\n\n<p><strong><u>Cookies tiers analytiques<\/u><\/strong><\/p>\n\n\n\n<p>Les cookies analytiques sont utilis\u00e9s pour effectuer des statistiques de visite des sites Internet et n\u00e9cessitent votre consentement. Le site https:\/\/niceoffice.fr recueille des donn\u00e9es de visites des pages gr\u00e2ce \u00e0 la technologie Google Analytics. Le consentement doit \u00eatre pr\u00e9alable au d\u00e9p\u00f4t et\/ou \u00e0 la lecture de cookies ( source CNIL).<\/p>\n\n\n\n<p>Lorsque vous visitez notre site Web pour la premi\u00e8re fois, nous vous montrons une fen\u00eatre vous informant que nous utilisons des cookies. Vous pouvez accepter l\u2019ensemble des cookies en cliquant sur le bouton \u201d J\u2019accepte\u201d. Vous pouvez \u00e9galement cliquer sur le bouton r\u00e9glages pour choisir de ne pas activer les cookies analytiques. Sans action de votre part sur le bandeau, aucun cookie analytique n\u2019est d\u00e9pos\u00e9. Si vous accepter le d\u00e9p\u00f4t de cookies analytiques, 2 cookies seront d\u00e9pos\u00e9s _ga et _ga-, ce dernier \u00e9tant suivi d\u2019un code correspondant \u00e0 l\u2019identifiant de Nice Office dans l\u2019interface Google Analytics. La dur\u00e9e de vie de ces cookies est de 2 mois. Lorsque vous choisissez d\u2019accepter ou de refuser les cookies analytiques, un cookie nomm\u00e9 moove_gdpr_p enr\u00e9gistre et m\u00e9morise vos pr\u00e9f\u00e9rences. Le bandeau disparait. Vous pouvez, toutefois modifier votre choix \u00e0 tout moment en cliquant sur la petite roue crant\u00e9e blanche sur fond noir qui se trouve en bas \u00e0 gauche de chaque page du site.<\/p>\n\n\n\n<p><strong><u>Autres cookies tiers<\/u><\/strong><\/p>\n\n\n\n<p>Dans le but de vous apporter une information riche et compl\u00e8te, le site web https:\/\/niceoffice.fr contient des liens vers d\u2019autres sites internet. Si vous cliquez sur ces liens, il est probable que des cookies soient d\u00e9pos\u00e9s par ces sites. Pour plus d\u2019informations, veuillez consulter la politique de confidentialit\u00e9 de ces sites. Vous pouvez d\u00e9sactiver l\u2019utilisation de cookies ou les g\u00e9rer via votre navigateur.<\/p>\n\n\n\n<p><strong><u>Cookies publicitaires<\/u><\/strong><\/p>\n\n\n\n<p>Le site https:\/\/niceoffice.fr n\u2019utilise pas de cookie publicitaires. Il s\u2019agit des cookies utilis\u00e9s pour vous pr\u00e9senter des publicit\u00e9s ou vous adresser des informations adapt\u00e9es \u00e0 vos centres d\u2019int\u00e9r\u00eats lors de votre navigation sur Internet. Ils sont notamment utilis\u00e9s pour limiter le nombre de fois o\u00f9 vous voyez une publicit\u00e9 et aider \u00e0 mesurer l\u2019efficacit\u00e9 d\u2019une campagne publicitaire. Ce type de cookie ne peut \u00eatre d\u00e9pos\u00e9 sans votre consentement. Le refus de ces cookies publicitaires n\u2019a pas d\u2019impact sur l\u2019utilisation du site internet. Cependant, le fait de refuser les cookies publicitaires n\u2019entra\u00eenera pas l\u2019arr\u00eat de la publicit\u00e9 sur Internet. Cela aura seulement pour effet d\u2019afficher une publicit\u00e9 qui ne tiendra pas compte de vos centres d\u2019int\u00e9r\u00eat ou de vos pr\u00e9f\u00e9rences. Ces cookies sont principalement des cookies tiers, qui d\u00e9pendent essentiellement des r\u00e9gies publicitaires.<\/p>\n\n\n\n<h2 class=\"wp-block-heading\">Utilisation et transmission de vos donn\u00e9es personnelles<\/h2>\n\n\n\n<p>Selon la CNIL, une \u00ab&nbsp;donn\u00e9e personnelle&nbsp;\u00bb est \u00ab&nbsp;toute information se rapportant \u00e0 une personne physique identifi\u00e9e ou identifiable&nbsp;\u00bb. Par cons\u00e9quent, elles comprennent vos coordonn\u00e9es postales, t\u00e9l\u00e9phoniques ou digitales.<\/p>\n\n\n\n<p><strong><u>M\u00e9dias<\/u><\/strong><\/p>\n\n\n\n<p>Si vous t\u00e9l\u00e9versez des images sur le site, nous vous conseillons d\u2019\u00e9viter de t\u00e9l\u00e9verser des images contenant des donn\u00e9es EXIF de coordonn\u00e9es GPS. Des donn\u00e9es de localisation peuvent \u00eatre extraites depuis ces images.<\/p>\n\n\n\n<p><strong><u>Acc\u00e8s \u00e0 votre espace personnel<\/u><\/strong><\/p>\n\n\n\n<p>Si vous demandez une r\u00e9initialisation de votre mot de passe, votre adresse IP sera incluse dans l\u2019e-mail de r\u00e9initialisation.<\/p>\n\n\n\n<p><strong><u>Autres donn\u00e9es personnelles<\/u><\/strong><\/p>\n\n\n\n<p>Les autres donn\u00e9es susceptibles d\u2019\u00eatre collect\u00e9es par NICE OFFICE sont les donn\u00e9es que vous lui fournissez via les formulaires de contact ou de demande de devis du site Internet ou lors de vos achats sur la boutique de location de bureaux et de salles de r\u00e9union. Dans ces formulaires ou ces bons de commande votre nom, votre pr\u00e9nom, votre adresse de messagerie et votre num\u00e9ro de t\u00e9l\u00e9phone sont collect\u00e9s. Il s\u2019agit de donn\u00e9es personnelles. Ces donn\u00e9es nous permettent de vous recontacter et de r\u00e9pondre \u00e0 votre demande. Elles ne sont pas utilis\u00e9es \u00e0 d\u2019autres fins, ni transmises \u00e0 des tiers.<\/p>\n\n\n\n<p>Pour envoyer l\u2019un de ces formulaires, ou votre commande vous devez cocher la case de consentement pour l\u2019utilisation de vos donn\u00e9es personnelles dans le cadre de notre relation commerciale. Sans votre consentement, le formulaire ne peut \u00eatre envoy\u00e9. Vous pouvez \u00e9galement nous joindre par t\u00e9l\u00e9phone.<\/p>\n\n\n\n<p><strong><u>S\u00e9curit\u00e9 de la transmission des donn\u00e9es personnelles<\/u><\/strong><\/p>\n\n\n\n<p>Le site https:\/\/niceoffice.fr poss\u00e8de un certificat SSL permettant de s\u00e9curiser les transmissions de donn\u00e9es.<\/p>\n\n\n\n<p>Chaque fois que NICE OFFICE traite des donn\u00e9es personnelles, le d\u00e9l\u00e9gu\u00e9 \u00e0 la protection des donn\u00e9es prend toutes les mesures raisonnables pour s\u2019assurer de l\u2019exactitude et de la pertinence des donn\u00e9es personnelles au regard des finalit\u00e9s pour lesquelles elles sont trait\u00e9es. Il s\u2019engage \u00e0 respecter le cadre des dispositions l\u00e9gales en vigueur. Il s\u2019assure que vos donn\u00e9es ne soient pas communiqu\u00e9es \u00e0 des personnes non autoris\u00e9es. Si nous constatons un incident avec impact sur les donn\u00e9es personnelles, nous veillons, selon le cadre impos\u00e9 par la r\u00e9glementation, \u00e0 le notifier \u00e0 la Commission Nationale Informatique et Libert\u00e9s (CNIL) dans les meilleurs d\u00e9lais apr\u00e8s en avoir pris connaissance et en avoir inform\u00e9 les personnes concern\u00e9es. NICE OFFICE reste libre du choix de ses sous-traitants techniques et commerciaux \u00e0 la condition qu\u2019ils pr\u00e9sentent les garanties suffisantes au regard des exigences du R\u00e8glement G\u00e9n\u00e9ral sur la Protection des Donn\u00e9es (RGPD : n\u00b0 2016-679).<\/p>\n\n\n\n<p><strong><u>Vos droits sur vos donn\u00e9es personnelles<\/u><\/strong><\/p>\n\n\n\n<ul class=\"wp-block-list\"><li>Vous avez le droit de savoir pourquoi vos donn\u00e9es personnelles sont n\u00e9cessaires, ce qui va arriver et combien de temps elles seront conserv\u00e9es.<\/li><li>Droit d\u2019acc\u00e8s : Vous avez le droit d\u2019acc\u00e9der \u00e0 vos donn\u00e9es personnelles que nous connaissons.<\/li><li>Droit de rectification : vous avez le droit de compl\u00e9ter, corriger, supprimer ou bloquer vos donn\u00e9es personnelles \u00e0 tout moment.<\/li><li>Si vous nous donnez votre consentement pour traiter vos donn\u00e9es, vous avez le droit de r\u00e9voquer ce consentement et de supprimer vos donn\u00e9es personnelles.<\/li><li>Droit de transf\u00e9rer vos donn\u00e9es : vous avez le droit de demander toutes vos donn\u00e9es personnelles au responsable du traitement et de les transf\u00e9rer int\u00e9gralement \u00e0 un autre responsable.<\/li><li>Droit d\u2019opposition : vous pouvez vous opposer au traitement de vos donn\u00e9es.<\/li><\/ul>\n\n\n\n<p>Vous pouvez nous joindre par t\u00e9l\u00e9phone pour formuler votre demande au +33 (0)492 29 50 30 ou nous envoyer un mail \u00e0 coworking@niceoffice.fr.<\/p>\n","protected":false},"excerpt":{"rendered":"<p>Qui sommes-nous&nbsp;? L\u2019adresse de notre site est\u00a0: https:\/\/niceoffice.fr. Cookies Notre site Web https:\/\/niceoffice.fr (ci-apr\u00e8s: \u201cle site Web\u201d) utilise des cookies. Un cookie est un fichier l\u00e9ger, simple envoy\u00e9 avec les pages de ce site Web et stock\u00e9 par votre navigateur sur le disque dur de votre ordinateur ou d\u2019un autre appareil. Les informations qui y [&hellip;]<\/p>\n","protected":false},"author":2,"featured_media":0,"parent":0,"menu_order":0,"comment_status":"closed","ping_status":"closed","template":"","meta":{"site-sidebar-layout":"default","site-content-layout":"","ast-site-content-layout":"","site-content-style":"default","site-sidebar-style":"default","ast-global-header-display":"","ast-banner-title-visibility":"","ast-main-header-display":"","ast-hfb-above-header-display":"","ast-hfb-below-header-display":"","ast-hfb-mobile-header-display":"","site-post-title":"","ast-breadcrumbs-content":"","ast-featured-img":"","footer-sml-layout":"","theme-transparent-header-meta":"","adv-header-id-meta":"","stick-header-meta":"","header-above-stick-meta":"","header-main-stick-meta":"","header-below-stick-meta":"","astra-migrate-meta-layouts":"default","ast-page-background-enabled":"default","ast-page-background-meta":{"desktop":{"background-color":"var(--ast-global-color-4)","background-image":"","background-repeat":"repeat","background-position":"center center","background-size":"auto","background-attachment":"scroll","background-type":"","background-media":"","overlay-type":"","overlay-color":"","overlay-opacity":"","overlay-gradient":""},"tablet":{"background-color":"","background-image":"","background-repeat":"repeat","background-position":"center center","background-size":"auto","background-attachment":"scroll","background-type":"","background-media":"","overlay-type":"","overlay-color":"","overlay-opacity":"","overlay-gradient":""},"mobile":{"background-color":"","background-image":"","background-repeat":"repeat","background-position":"center center","background-size":"auto","background-attachment":"scroll","background-type":"","background-media":"","overlay-type":"","overlay-color":"","overlay-opacity":"","overlay-gradient":""}},"ast-content-background-meta":{"desktop":{"background-color":"var(--ast-global-color-5)","background-image":"","background-repeat":"repeat","background-position":"center center","background-size":"auto","background-attachment":"scroll","background-type":"","background-media":"","overlay-type":"","overlay-color":"","overlay-opacity":"","overlay-gradient":""},"tablet":{"background-color":"var(--ast-global-color-5)","background-image":"","background-repeat":"repeat","background-position":"center center","background-size":"auto","background-attachment":"scroll","background-type":"","background-media":"","overlay-type":"","overlay-color":"","overlay-opacity":"","overlay-gradient":""},"mobile":{"background-color":"var(--ast-global-color-5)","background-image":"","background-repeat":"repeat","background-position":"center center","background-size":"auto","background-attachment":"scroll","background-type":"","background-media":"","overlay-type":"","overlay-color":"","overlay-opacity":"","overlay-gradient":""}},"footnotes":""},"class_list":["post-1933","page","type-page","status-publish","hentry"],"yoast_head":"<!-- This site is optimized with the Yoast SEO plugin v27.5 - https:\/\/yoast.com\/product\/yoast-seo-wordpress\/ -->\n<title>Politique de confidentialit\u00e9 - Gestion de projets TI<\/title>\n<meta name=\"robots\" content=\"index, follow, max-snippet:-1, max-image-preview:large, max-video-preview:-1\" \/>\n<link rel=\"canonical\" href=\"https:\/\/niceoffice.fr\/?page_id=1933\" \/>\n<meta property=\"og:locale\" content=\"fr_FR\" \/>\n<meta property=\"og:type\" content=\"article\" \/>\n<meta property=\"og:title\" content=\"Politique de confidentialit\u00e9 - Gestion de projets TI\" \/>\n<meta property=\"og:description\" content=\"Qui sommes-nous&nbsp;? L\u2019adresse de notre site est\u00a0: https:\/\/niceoffice.fr. Cookies Notre site Web https:\/\/niceoffice.fr (ci-apr\u00e8s: \u201cle site Web\u201d) utilise des cookies. Un cookie est un fichier l\u00e9ger, simple envoy\u00e9 avec les pages de ce site Web et stock\u00e9 par votre navigateur sur le disque dur de votre ordinateur ou d\u2019un autre appareil. Les informations qui y [&hellip;]\" \/>\n<meta property=\"og:url\" content=\"https:\/\/niceoffice.fr\/?page_id=1933\" \/>\n<meta property=\"og:site_name\" content=\"Gestion de projets TI\" \/>\n<meta property=\"article:modified_time\" content=\"2021-11-20T07:15:29+00:00\" \/>\n<meta name=\"twitter:card\" content=\"summary_large_image\" \/>\n<meta name=\"twitter:label1\" content=\"Dur\u00e9e de lecture estim\u00e9e\" \/>\n\t<meta name=\"twitter:data1\" content=\"6 minutes\" \/>\n<script type=\"application\/ld+json\" class=\"yoast-schema-graph\">{\"@context\":\"https:\\\/\\\/schema.org\",\"@graph\":[{\"@type\":\"WebPage\",\"@id\":\"https:\\\/\\\/niceoffice.fr\\\/?page_id=1933\",\"url\":\"https:\\\/\\\/niceoffice.fr\\\/?page_id=1933\",\"name\":\"Politique de confidentialit\u00e9 - Gestion de projets TI\",\"isPartOf\":{\"@id\":\"https:\\\/\\\/niceoffice.fr\\\/#website\"},\"datePublished\":\"2021-11-12T16:58:19+00:00\",\"dateModified\":\"2021-11-20T07:15:29+00:00\",\"breadcrumb\":{\"@id\":\"https:\\\/\\\/niceoffice.fr\\\/?page_id=1933#breadcrumb\"},\"inLanguage\":\"fr-FR\",\"potentialAction\":[{\"@type\":\"ReadAction\",\"target\":[\"https:\\\/\\\/niceoffice.fr\\\/?page_id=1933\"]}]},{\"@type\":\"BreadcrumbList\",\"@id\":\"https:\\\/\\\/niceoffice.fr\\\/?page_id=1933#breadcrumb\",\"itemListElement\":[{\"@type\":\"ListItem\",\"position\":1,\"name\":\"Home\",\"item\":\"https:\\\/\\\/niceoffice.fr\\\/?page_id=14&lang=en\"},{\"@type\":\"ListItem\",\"position\":2,\"name\":\"Politique de confidentialit\u00e9\"}]},{\"@type\":\"WebSite\",\"@id\":\"https:\\\/\\\/niceoffice.fr\\\/#website\",\"url\":\"https:\\\/\\\/niceoffice.fr\\\/\",\"name\":\"Gestion de projets TI\",\"description\":\"Solutions informatiques et administratives\",\"publisher\":{\"@id\":\"https:\\\/\\\/niceoffice.fr\\\/#organization\"},\"potentialAction\":[{\"@type\":\"SearchAction\",\"target\":{\"@type\":\"EntryPoint\",\"urlTemplate\":\"https:\\\/\\\/niceoffice.fr\\\/?s={search_term_string}\"},\"query-input\":{\"@type\":\"PropertyValueSpecification\",\"valueRequired\":true,\"valueName\":\"search_term_string\"}}],\"inLanguage\":\"fr-FR\"},{\"@type\":\"Organization\",\"@id\":\"https:\\\/\\\/niceoffice.fr\\\/#organization\",\"name\":\"Nice Office\",\"url\":\"https:\\\/\\\/niceoffice.fr\\\/\",\"logo\":{\"@type\":\"ImageObject\",\"inLanguage\":\"fr-FR\",\"@id\":\"https:\\\/\\\/niceoffice.fr\\\/#\\\/schema\\\/logo\\\/image\\\/\",\"url\":\"https:\\\/\\\/niceoffice.fr\\\/wp-content\\\/uploads\\\/2019\\\/06\\\/Nice_Office_Logo.jpg\",\"contentUrl\":\"https:\\\/\\\/niceoffice.fr\\\/wp-content\\\/uploads\\\/2019\\\/06\\\/Nice_Office_Logo.jpg\",\"width\":227,\"height\":227,\"caption\":\"Nice Office\"},\"image\":{\"@id\":\"https:\\\/\\\/niceoffice.fr\\\/#\\\/schema\\\/logo\\\/image\\\/\"}}]}<\/script>\n<!-- \/ Yoast SEO plugin. -->","yoast_head_json":{"title":"Politique de confidentialit\u00e9 - Gestion de projets TI","robots":{"index":"index","follow":"follow","max-snippet":"max-snippet:-1","max-image-preview":"max-image-preview:large","max-video-preview":"max-video-preview:-1"},"canonical":"https:\/\/niceoffice.fr\/?page_id=1933","og_locale":"fr_FR","og_type":"article","og_title":"Politique de confidentialit\u00e9 - Gestion de projets TI","og_description":"Qui sommes-nous&nbsp;? L\u2019adresse de notre site est\u00a0: https:\/\/niceoffice.fr. Cookies Notre site Web https:\/\/niceoffice.fr (ci-apr\u00e8s: \u201cle site Web\u201d) utilise des cookies. Un cookie est un fichier l\u00e9ger, simple envoy\u00e9 avec les pages de ce site Web et stock\u00e9 par votre navigateur sur le disque dur de votre ordinateur ou d\u2019un autre appareil. Les informations qui y [&hellip;]","og_url":"https:\/\/niceoffice.fr\/?page_id=1933","og_site_name":"Gestion de projets TI","article_modified_time":"2021-11-20T07:15:29+00:00","twitter_card":"summary_large_image","twitter_misc":{"Dur\u00e9e de lecture estim\u00e9e":"6 minutes"},"schema":{"@context":"https:\/\/schema.org","@graph":[{"@type":"WebPage","@id":"https:\/\/niceoffice.fr\/?page_id=1933","url":"https:\/\/niceoffice.fr\/?page_id=1933","name":"Politique de confidentialit\u00e9 - Gestion de projets TI","isPartOf":{"@id":"https:\/\/niceoffice.fr\/#website"},"datePublished":"2021-11-12T16:58:19+00:00","dateModified":"2021-11-20T07:15:29+00:00","breadcrumb":{"@id":"https:\/\/niceoffice.fr\/?page_id=1933#breadcrumb"},"inLanguage":"fr-FR","potentialAction":[{"@type":"ReadAction","target":["https:\/\/niceoffice.fr\/?page_id=1933"]}]},{"@type":"BreadcrumbList","@id":"https:\/\/niceoffice.fr\/?page_id=1933#breadcrumb","itemListElement":[{"@type":"ListItem","position":1,"name":"Home","item":"https:\/\/niceoffice.fr\/?page_id=14&lang=en"},{"@type":"ListItem","position":2,"name":"Politique de confidentialit\u00e9"}]},{"@type":"WebSite","@id":"https:\/\/niceoffice.fr\/#website","url":"https:\/\/niceoffice.fr\/","name":"Gestion de projets TI","description":"Solutions informatiques et administratives","publisher":{"@id":"https:\/\/niceoffice.fr\/#organization"},"potentialAction":[{"@type":"SearchAction","target":{"@type":"EntryPoint","urlTemplate":"https:\/\/niceoffice.fr\/?s={search_term_string}"},"query-input":{"@type":"PropertyValueSpecification","valueRequired":true,"valueName":"search_term_string"}}],"inLanguage":"fr-FR"},{"@type":"Organization","@id":"https:\/\/niceoffice.fr\/#organization","name":"Nice Office","url":"https:\/\/niceoffice.fr\/","logo":{"@type":"ImageObject","inLanguage":"fr-FR","@id":"https:\/\/niceoffice.fr\/#\/schema\/logo\/image\/","url":"https:\/\/niceoffice.fr\/wp-content\/uploads\/2019\/06\/Nice_Office_Logo.jpg","contentUrl":"https:\/\/niceoffice.fr\/wp-content\/uploads\/2019\/06\/Nice_Office_Logo.jpg","width":227,"height":227,"caption":"Nice Office"},"image":{"@id":"https:\/\/niceoffice.fr\/#\/schema\/logo\/image\/"}}]}},"_links":{"self":[{"href":"https:\/\/niceoffice.fr\/index.php?rest_route=\/wp\/v2\/pages\/1933","targetHints":{"allow":["GET"]}}],"collection":[{"href":"https:\/\/niceoffice.fr\/index.php?rest_route=\/wp\/v2\/pages"}],"about":[{"href":"https:\/\/niceoffice.fr\/index.php?rest_route=\/wp\/v2\/types\/page"}],"author":[{"embeddable":true,"href":"https:\/\/niceoffice.fr\/index.php?rest_route=\/wp\/v2\/users\/2"}],"replies":[{"embeddable":true,"href":"https:\/\/niceoffice.fr\/index.php?rest_route=%2Fwp%2Fv2%2Fcomments&post=1933"}],"version-history":[{"count":1,"href":"https:\/\/niceoffice.fr\/index.php?rest_route=\/wp\/v2\/pages\/1933\/revisions"}],"predecessor-version":[{"id":6769,"href":"https:\/\/niceoffice.fr\/index.php?rest_route=\/wp\/v2\/pages\/1933\/revisions\/6769"}],"wp:attachment":[{"href":"https:\/\/niceoffice.fr\/index.php?rest_route=%2Fwp%2Fv2%2Fmedia&parent=1933"}],"curies":[{"name":"wp","href":"https:\/\/api.w.org\/{rel}","templated":true}]}}