{"id":2200,"date":"2021-11-20T08:39:15","date_gmt":"2021-11-20T07:39:15","guid":{"rendered":"https:\/\/niceoffice.fr\/?page_id=2200"},"modified":"2025-04-01T16:59:51","modified_gmt":"2025-04-01T15:59:51","slug":"legal-notice-3","status":"publish","type":"page","link":"https:\/\/niceoffice.fr\/?page_id=2200&lang=en","title":{"rendered":"Legal notice"},"content":{"rendered":"\n<h2 class=\"wp-block-heading has-text-color\" style=\"color:#ed9365\">Presentation of the website https:\/\/niceoffice.fr<\/h2>\n\n\n\n<p>In accordance with Article 6 of Law No. 2004-575 of 21 June 2004 on confidence in the digital economy, users of the www.niceoffice.fr website are informed of the identity of the various parties involved in its creation and monitoring:<\/p>\n\n\n\n<p>Owner: GWI &#8211; SCI Siret: 50154813500026 &#8211; Nice premier, 455 promenade des anglais 06200 nice France<br>Creator: Nice Office<br>Responsible for publication: Nice Office &#8211; coworking@niceoffice.fr<\/p>\n\n\n\n<p>The person responsible for publication is a natural person or a legal entity.<\/p>\n\n\n\n<p>The data protection officer is Fran\u00e7ois Chalumeau<\/p>\n\n\n\n<p>Webmaster: Nice Office &#8211; coworking@niceoffice.fr<br>Host: OVH &#8211; 2 rue Kellermann 59100 Roubaix, registered in the Roubaix Trade and Companies Register under number B424 761 419<\/p>\n\n\n\n<h2 class=\"wp-block-heading has-text-color\" style=\"color:#ed9365\">Use and accessibility of https:\/\/niceoffice.fr<\/h2>\n\n\n\n<p>Use of the https:\/\/niceoffice.fr website implies full acceptance of the general conditions of use described below and of the present legal notice. These conditions of use and legal notices may be modified or completed at any time under the responsibility of the site&rsquo;s publication director.<br>Users of the site are invited to consult them regularly.<br>The site is designed, updated and hosted in such a way as to maximise its accessibility.<br>This website is normally accessible to users at all times.<br>However, https:\/\/niceoffice.fr may decide to interrupt the site for technical maintenance purposes. In such a case, https:\/\/niceoffice.fr will endeavour to inform users in advance of the dates and times of the intervention.<br>The https:\/\/niceoffice.fr website is hosted by a service provider in the European Union in accordance with the provisions of the General Data Protection Regulation (RGPD: n\u00b0 2016-679).<br>The host ensures the continuity of its service 24 hours a day, every day of the year. However, it reserves the right to interrupt the hosting service in particular for maintenance purposes, to improve its infrastructure, or in the event of a failure in its links.<br>The site https:\/\/niceoffice.fr and the host cannot be held responsible in the event of malfunctioning of the Internet network, telephone lines or the user&rsquo;s computer and telephone equipment, or in the event of network congestion preventing access to the server. The user of the site undertakes to access the site using recent, virus-free equipment and with an up-to-date browser. NICE OFFICE cannot be held responsible for material damage linked to the use of the https:\/\/niceoffice.fr website, nor for direct and indirect damage caused to the user&rsquo;s equipment when accessing the site in the event of equipment that does not meet the above-mentioned specifications or in the event of a bug or incompatibility.<\/p>\n\n\n\n<h2 class=\"wp-block-heading has-text-color\" style=\"color:#ed9365\">Service provided<\/h2>\n\n\n\n<p>  Le site internet https:\/\/niceoffice.fr a pour objet de fournir une information aussi pr\u00e9cise que possible concernant l\u2019ensemble des activit\u00e9s de NICE OFFICE. Les contenus du site publi\u00e9 par Nice Office ont \u00e9t\u00e9 \u00e9labor\u00e9s avec le plus grand soin. A ce titre, aucun contenu illicite ni diffamatoire n\u2019est diffus\u00e9 sur ceux -ci. En outre, ils ne pr\u00e9sentent aucun caract\u00e8re pouvant \u00eatre consid\u00e9r\u00e9 comme \u00ab publicit\u00e9 trompeuse \u00bb au sens des articles 121-1 et suivants du Code de la Consommation. NICE OFFICE ne pourra \u00eatre tenue responsable des oublis, des inexactitudes et des carences dans la mise \u00e0 jour, qu\u2019elles soient de son fait ou du fait des tiers partenaires qui lui fournissent ces informations. Les informations contenues dans le site https:\/\/niceoffice.fr sont donn\u00e9es \u00e0 titre indicatif, ne sauraient \u00eatre exhaustives et sont susceptibles d\u2019\u00e9voluer.  NICE OFFICE agit en tant qu\u2019\u00e9diteur du site https:\/\/niceoffice.fr. A ce titre, elle est responsable de la qualit\u00e9 et de la v\u00e9racit\u00e9 du contenu qu\u2019elle publie.  Le cas \u00e9ch\u00e9ant, https:\/\/niceoffice.fr se r\u00e9serve la possibilit\u00e9 de mettre en cause la responsabilit\u00e9 civile et\/ou p\u00e9nale de l\u2019utilisateur, notamment en cas de message \u00e0 caract\u00e8re raciste, injurieux, diffamant, ou pornographique, quel que soit le support utilis\u00e9 (texte, photographie \u2026), envoy\u00e9 par l\u2019utilisateur dans la partie \u00ab&nbsp;votre message&nbsp;\u00bb des formulaires de contact du site.  <\/p>\n\n\n\n<h2 class=\"wp-block-heading has-text-color\" style=\"color:#ed9365\">Intellectual property<\/h2>\n\n\n\n<p>All the elements that make up the skeleton of the site (photos, images, logos, flash\u00ae animations, modelled elements\u2026), as well as the technological elements (software creations, administration back-office, services offered\u2026) are protected by copyright and are the exclusive property of their respective authors, except in the limited cases of complete or partial transfer of rights to Globaware. The contents of the site (texts, articles\u2026) are the exclusive property of their authors and cannot be reproduced or exploited without their agreement. In accordance with the provisions of article L. 122-4 of the Intellectual Property Code, any reproduction of partial or total content of the site is forbidden, whatever its form (reproduction, nesting, distribution, \u00ab\u00a0inline linking\u00a0\u00bb and \u00ab\u00a0framing\u00a0\u00bb techniques, etc.). Direct links to downloadable files (in any format) on our site are also prohibited. If you wish to establish a link with our site, please contact Nice Office before setting up the link to our site or its content. The texts present from external sources have been reproduced with the implicit or explicit agreement of their respective authors. As such, mention is made on the site of the respective sources and authors. Any unauthorised use of the site or of any of the elements it contains will be considered as constituting an infringement and will be prosecuted in accordance with the provisions of articles L.335-2 et seq. of the Intellectual Property Code.<\/p>\n\n\n\n<h2 class=\"wp-block-heading has-text-color\" style=\"color:#ed9365\">External links<\/h2>\n\n\n\n<p>The links present on the site (direct links, permalinks, partner links, etc.) redirect the user to sites whose content is the responsibility of the publishers of these sites. In no case can Nice Office be held responsible for the content of these sites. As we attach particular importance to the legality of the contents of the sites to which our links point, we ask you to kindly inform us of any content that may seem illicit on the sites to which links have been set up.<\/p>\n\n\n\n<h2 class=\"wp-block-heading has-text-color\" style=\"color:#ed9365\">Advertising<\/h2>\n\n\n\n<p>Advertisements may be displayed on our sites. These may come from external sources (third-party affiliation management platforms, Google\u00ae ads, etc.) or be managed by our own advertising agency. Nice Office cannot be held responsible for the \u00ab\u00a0misleading or aggressive\u00a0\u00bb nature of advertisements coming from external sources. Concerning the advertisements managed by Nice Office, the latter reserves the right not to broadcast advertisements that are clearly misleading in the sense of articles 121-1 and following of the Consumer Code.<\/p>\n\n\n\n<h2 class=\"wp-block-heading has-text-color\" style=\"color:#ed9365\">Privacy policy<\/h2>\n\n\n\n<p>To learn more about the personal data we collect and how we use it, visit our privacy policy page.<\/p>\n","protected":false},"excerpt":{"rendered":"<p>Presentation of the website https:\/\/niceoffice.fr In accordance with Article 6 of Law No. 2004-575 of 21 June 2004 on confidence in the digital economy, users of the www.niceoffice.fr website are informed of the identity of the various parties involved in its creation and monitoring: Owner: GWI &#8211; SCI Siret: 50154813500026 &#8211; Nice premier, 455 promenade [&hellip;]<\/p>\n","protected":false},"author":2,"featured_media":0,"parent":0,"menu_order":0,"comment_status":"closed","ping_status":"closed","template":"","meta":{"site-sidebar-layout":"default","site-content-layout":"","ast-site-content-layout":"default","site-content-style":"default","site-sidebar-style":"default","ast-global-header-display":"","ast-banner-title-visibility":"","ast-main-header-display":"","ast-hfb-above-header-display":"","ast-hfb-below-header-display":"","ast-hfb-mobile-header-display":"","site-post-title":"","ast-breadcrumbs-content":"","ast-featured-img":"","footer-sml-layout":"","theme-transparent-header-meta":"","adv-header-id-meta":"","stick-header-meta":"","header-above-stick-meta":"","header-main-stick-meta":"","header-below-stick-meta":"","astra-migrate-meta-layouts":"set","ast-page-background-enabled":"default","ast-page-background-meta":{"desktop":{"background-color":"var(--ast-global-color-4)","background-image":"","background-repeat":"repeat","background-position":"center center","background-size":"auto","background-attachment":"scroll","background-type":"","background-media":"","overlay-type":"","overlay-color":"","overlay-opacity":"","overlay-gradient":""},"tablet":{"background-color":"","background-image":"","background-repeat":"repeat","background-position":"center center","background-size":"auto","background-attachment":"scroll","background-type":"","background-media":"","overlay-type":"","overlay-color":"","overlay-opacity":"","overlay-gradient":""},"mobile":{"background-color":"","background-image":"","background-repeat":"repeat","background-position":"center center","background-size":"auto","background-attachment":"scroll","background-type":"","background-media":"","overlay-type":"","overlay-color":"","overlay-opacity":"","overlay-gradient":""}},"ast-content-background-meta":{"desktop":{"background-color":"var(--ast-global-color-5)","background-image":"","background-repeat":"repeat","background-position":"center center","background-size":"auto","background-attachment":"scroll","background-type":"","background-media":"","overlay-type":"","overlay-color":"","overlay-opacity":"","overlay-gradient":""},"tablet":{"background-color":"var(--ast-global-color-5)","background-image":"","background-repeat":"repeat","background-position":"center center","background-size":"auto","background-attachment":"scroll","background-type":"","background-media":"","overlay-type":"","overlay-color":"","overlay-opacity":"","overlay-gradient":""},"mobile":{"background-color":"var(--ast-global-color-5)","background-image":"","background-repeat":"repeat","background-position":"center center","background-size":"auto","background-attachment":"scroll","background-type":"","background-media":"","overlay-type":"","overlay-color":"","overlay-opacity":"","overlay-gradient":""}},"footnotes":""},"class_list":["post-2200","page","type-page","status-publish","hentry"],"yoast_head":"<!-- This site is optimized with the Yoast SEO plugin v27.4 - https:\/\/yoast.com\/product\/yoast-seo-wordpress\/ -->\n<title>Legal notice - Gestion de projets TI<\/title>\n<meta name=\"robots\" content=\"noindex, nofollow\" \/>\n<meta property=\"og:locale\" content=\"fr_FR\" \/>\n<meta property=\"og:type\" content=\"article\" \/>\n<meta property=\"og:title\" content=\"Legal notice - Gestion de projets TI\" \/>\n<meta property=\"og:description\" content=\"Presentation of the website https:\/\/niceoffice.fr In accordance with Article 6 of Law No. 2004-575 of 21 June 2004 on confidence in the digital economy, users of the www.niceoffice.fr website are informed of the identity of the various parties involved in its creation and monitoring: Owner: GWI &#8211; SCI Siret: 50154813500026 &#8211; Nice premier, 455 promenade [&hellip;]\" \/>\n<meta property=\"og:url\" content=\"https:\/\/niceoffice.fr\/?page_id=2200&amp;lang=en\" \/>\n<meta property=\"og:site_name\" content=\"Gestion de projets TI\" \/>\n<meta property=\"article:modified_time\" content=\"2025-04-01T15:59:51+00:00\" \/>\n<meta name=\"twitter:card\" content=\"summary_large_image\" \/>\n<meta name=\"twitter:label1\" content=\"Dur\u00e9e de lecture estim\u00e9e\" \/>\n\t<meta name=\"twitter:data1\" content=\"6 minutes\" \/>\n<script type=\"application\/ld+json\" class=\"yoast-schema-graph\">{\"@context\":\"https:\\\/\\\/schema.org\",\"@graph\":[{\"@type\":\"WebPage\",\"@id\":\"https:\\\/\\\/niceoffice.fr\\\/?page_id=2200&lang=en\",\"url\":\"https:\\\/\\\/niceoffice.fr\\\/?page_id=2200&lang=en\",\"name\":\"Legal notice - Gestion de projets TI\",\"isPartOf\":{\"@id\":\"https:\\\/\\\/niceoffice.fr\\\/#website\"},\"datePublished\":\"2021-11-20T07:39:15+00:00\",\"dateModified\":\"2025-04-01T15:59:51+00:00\",\"breadcrumb\":{\"@id\":\"https:\\\/\\\/niceoffice.fr\\\/?page_id=2200&lang=en#breadcrumb\"},\"inLanguage\":\"fr-FR\",\"potentialAction\":[{\"@type\":\"ReadAction\",\"target\":[\"https:\\\/\\\/niceoffice.fr\\\/?page_id=2200&lang=en\"]}]},{\"@type\":\"BreadcrumbList\",\"@id\":\"https:\\\/\\\/niceoffice.fr\\\/?page_id=2200&lang=en#breadcrumb\",\"itemListElement\":[{\"@type\":\"ListItem\",\"position\":1,\"name\":\"Home\",\"item\":\"https:\\\/\\\/niceoffice.fr\\\/?page_id=14&lang=en\"},{\"@type\":\"ListItem\",\"position\":2,\"name\":\"Legal notice\"}]},{\"@type\":\"WebSite\",\"@id\":\"https:\\\/\\\/niceoffice.fr\\\/#website\",\"url\":\"https:\\\/\\\/niceoffice.fr\\\/\",\"name\":\"Gestion de projets TI\",\"description\":\"Solutions informatiques et administratives\",\"publisher\":{\"@id\":\"https:\\\/\\\/niceoffice.fr\\\/#organization\"},\"potentialAction\":[{\"@type\":\"SearchAction\",\"target\":{\"@type\":\"EntryPoint\",\"urlTemplate\":\"https:\\\/\\\/niceoffice.fr\\\/?s={search_term_string}\"},\"query-input\":{\"@type\":\"PropertyValueSpecification\",\"valueRequired\":true,\"valueName\":\"search_term_string\"}}],\"inLanguage\":\"fr-FR\"},{\"@type\":\"Organization\",\"@id\":\"https:\\\/\\\/niceoffice.fr\\\/#organization\",\"name\":\"Nice Office\",\"url\":\"https:\\\/\\\/niceoffice.fr\\\/\",\"logo\":{\"@type\":\"ImageObject\",\"inLanguage\":\"fr-FR\",\"@id\":\"https:\\\/\\\/niceoffice.fr\\\/#\\\/schema\\\/logo\\\/image\\\/\",\"url\":\"https:\\\/\\\/niceoffice.fr\\\/wp-content\\\/uploads\\\/2019\\\/06\\\/Nice_Office_Logo.jpg\",\"contentUrl\":\"https:\\\/\\\/niceoffice.fr\\\/wp-content\\\/uploads\\\/2019\\\/06\\\/Nice_Office_Logo.jpg\",\"width\":227,\"height\":227,\"caption\":\"Nice Office\"},\"image\":{\"@id\":\"https:\\\/\\\/niceoffice.fr\\\/#\\\/schema\\\/logo\\\/image\\\/\"}}]}<\/script>\n<!-- \/ Yoast SEO plugin. -->","yoast_head_json":{"title":"Legal notice - Gestion de projets TI","robots":{"index":"noindex","follow":"nofollow"},"og_locale":"fr_FR","og_type":"article","og_title":"Legal notice - Gestion de projets TI","og_description":"Presentation of the website https:\/\/niceoffice.fr In accordance with Article 6 of Law No. 2004-575 of 21 June 2004 on confidence in the digital economy, users of the www.niceoffice.fr website are informed of the identity of the various parties involved in its creation and monitoring: Owner: GWI &#8211; SCI Siret: 50154813500026 &#8211; Nice premier, 455 promenade [&hellip;]","og_url":"https:\/\/niceoffice.fr\/?page_id=2200&lang=en","og_site_name":"Gestion de projets TI","article_modified_time":"2025-04-01T15:59:51+00:00","twitter_card":"summary_large_image","twitter_misc":{"Dur\u00e9e de lecture estim\u00e9e":"6 minutes"},"schema":{"@context":"https:\/\/schema.org","@graph":[{"@type":"WebPage","@id":"https:\/\/niceoffice.fr\/?page_id=2200&lang=en","url":"https:\/\/niceoffice.fr\/?page_id=2200&lang=en","name":"Legal notice - Gestion de projets TI","isPartOf":{"@id":"https:\/\/niceoffice.fr\/#website"},"datePublished":"2021-11-20T07:39:15+00:00","dateModified":"2025-04-01T15:59:51+00:00","breadcrumb":{"@id":"https:\/\/niceoffice.fr\/?page_id=2200&lang=en#breadcrumb"},"inLanguage":"fr-FR","potentialAction":[{"@type":"ReadAction","target":["https:\/\/niceoffice.fr\/?page_id=2200&lang=en"]}]},{"@type":"BreadcrumbList","@id":"https:\/\/niceoffice.fr\/?page_id=2200&lang=en#breadcrumb","itemListElement":[{"@type":"ListItem","position":1,"name":"Home","item":"https:\/\/niceoffice.fr\/?page_id=14&lang=en"},{"@type":"ListItem","position":2,"name":"Legal notice"}]},{"@type":"WebSite","@id":"https:\/\/niceoffice.fr\/#website","url":"https:\/\/niceoffice.fr\/","name":"Gestion de projets TI","description":"Solutions informatiques et administratives","publisher":{"@id":"https:\/\/niceoffice.fr\/#organization"},"potentialAction":[{"@type":"SearchAction","target":{"@type":"EntryPoint","urlTemplate":"https:\/\/niceoffice.fr\/?s={search_term_string}"},"query-input":{"@type":"PropertyValueSpecification","valueRequired":true,"valueName":"search_term_string"}}],"inLanguage":"fr-FR"},{"@type":"Organization","@id":"https:\/\/niceoffice.fr\/#organization","name":"Nice Office","url":"https:\/\/niceoffice.fr\/","logo":{"@type":"ImageObject","inLanguage":"fr-FR","@id":"https:\/\/niceoffice.fr\/#\/schema\/logo\/image\/","url":"https:\/\/niceoffice.fr\/wp-content\/uploads\/2019\/06\/Nice_Office_Logo.jpg","contentUrl":"https:\/\/niceoffice.fr\/wp-content\/uploads\/2019\/06\/Nice_Office_Logo.jpg","width":227,"height":227,"caption":"Nice Office"},"image":{"@id":"https:\/\/niceoffice.fr\/#\/schema\/logo\/image\/"}}]}},"_links":{"self":[{"href":"https:\/\/niceoffice.fr\/index.php?rest_route=\/wp\/v2\/pages\/2200","targetHints":{"allow":["GET"]}}],"collection":[{"href":"https:\/\/niceoffice.fr\/index.php?rest_route=\/wp\/v2\/pages"}],"about":[{"href":"https:\/\/niceoffice.fr\/index.php?rest_route=\/wp\/v2\/types\/page"}],"author":[{"embeddable":true,"href":"https:\/\/niceoffice.fr\/index.php?rest_route=\/wp\/v2\/users\/2"}],"replies":[{"embeddable":true,"href":"https:\/\/niceoffice.fr\/index.php?rest_route=%2Fwp%2Fv2%2Fcomments&post=2200"}],"version-history":[{"count":1,"href":"https:\/\/niceoffice.fr\/index.php?rest_route=\/wp\/v2\/pages\/2200\/revisions"}],"predecessor-version":[{"id":6817,"href":"https:\/\/niceoffice.fr\/index.php?rest_route=\/wp\/v2\/pages\/2200\/revisions\/6817"}],"wp:attachment":[{"href":"https:\/\/niceoffice.fr\/index.php?rest_route=%2Fwp%2Fv2%2Fmedia&parent=2200"}],"curies":[{"name":"wp","href":"https:\/\/api.w.org\/{rel}","templated":true}]}}